{"id":23006,"date":"2021-09-20T07:31:57","date_gmt":"2021-09-20T07:31:57","guid":{"rendered":"https:\/\/songngutv.com\/?page_id=23006"},"modified":"2021-09-20T11:22:03","modified_gmt":"2021-09-20T11:22:03","slug":"visualization","status":"publish","type":"page","link":"https:\/\/songngutv.com\/index.php\/visualization\/","title":{"rendered":"Visualization"},"content":{"rendered":"<section data-vc-full-width=\"true\" data-vc-full-width-init=\"false\" data-vc-stretch-content=\"true\" data-vc-parallax-image=\"https:\/\/www.youtube.com\/watch?v=OhiVOpCbgDM\" data-vc-video-bg=\"https:\/\/www.youtube.com\/watch?v=OhiVOpCbgDM\" class=\"vc_row wpb_row vc_row-fluid  vc_custom_1632127518469 vc_row-has-fill pofo-stretch-content vc_row-o-full-height vc_row-o-columns-middle vc_row-o-content-middle vc_row-flex pofo-video-wrapper vc_video-bg-container\"><div class=\"bg-extra-dark-gray bg-overlay\" style=\"opacity:0.7; background-color:#000000; \"><\/div><div class=\"wpb_column vc_column_container vc_col-sm-12 vc_col-md-2 col-xs-mobile-fullwidth\"><div class=\"vc_column-inner \"><div class=\"wpb_wrapper\"><\/div><\/div><\/div><div class=\"wpb_column vc_column_container vc_col-sm-12 vc_col-md-8 col-xs-mobile-fullwidth text-center\"><div class=\"vc_column-inner \"><div class=\"wpb_wrapper\"><h1 class=\"text-extra-dark-gray margin-20px-bottom font-weight-600 display-inline-block alt-font text-uppercase heading-style2  heading-1\"  style=\"color: #dd9933;\">Visualization<\/h1><div class=\"last-paragraph-no-margin\" style=\"color: #ffffff;\"><h6>Di\u1ec5n h\u1ecda c\u00e1c s\u1ea3n ph\u1ea9m ki\u1ebfn tr\u00fac, c\u00f4ng nghi\u1ec7p, s\u1ea3n ph\u1ea9m ti\u00eau d\u00f9ng b\u1eb1ng h\u00ecnh \u1ea3nh 3D, s\u1eed d\u1ee5ng trong c\u00e1c t\u00e0i li\u1ec7u truy\u1ec1n th\u00f4ng tr\u00ean nhi\u1ec1u n\u1ec1n t\u1ea3ng qu\u1ea3ng c\u00e1o kh\u00e1c nhau.<\/h6>\n<\/div><\/div><\/div><\/div><div class=\"wpb_column vc_column_container vc_col-sm-12 vc_col-md-2 col-xs-mobile-fullwidth\"><div class=\"vc_column-inner \"><div class=\"wpb_wrapper\"><\/div><\/div><\/div><div class=\"down-section text-center down-section-style-2\">\n\t\t                                <a href=\"#architecture\" class=\"down-section-link up-down-ani\"><i class=\"text-white bg-deep-pink padding-15px-all xs-padding-10px-all border-radius-100  ti-arrow-down icon-extra-small\" style=\"\"><\/i><\/a>\n\t\t                            <\/div><\/section><div class=\"vc_row-full-width vc_clearfix\"><\/div><section id=\"architecture\" data-vc-full-width=\"true\" data-vc-full-width-init=\"false\" class=\"vc_row wpb_row vc_row-fluid  vc_custom_1632126956149 wow fadeIn vc_row-has-fill pofo-stretch-content pofo-stretch-row-container vc_row-o-content-middle vc_row-flex\"><div class=\"bg-extra-dark-gray bg-overlay\" style=\"opacity:0.8; background-color:#000000; \"><\/div><div class=\"wpb_column vc_column_container vc_col-sm-12 vc_col-md-2 col-xs-mobile-fullwidth\"><div class=\"vc_column-inner \"><div class=\"wpb_wrapper\"><\/div><\/div><\/div><div class=\"wpb_column vc_column_container vc_col-sm-12 vc_col-md-8 col-xs-mobile-fullwidth text-center\"><div class=\"vc_column-inner \"><div class=\"wpb_wrapper\"><h6 class=\"text-medium-gray text-small margin-5px-bottom alt-font text-uppercase heading-style4  heading-2\"  style=\"color: #ffffff;\">Architecture Visualization<\/h6><h2 class=\"text-extra-dark-gray margin-20px-bottom font-weight-600 display-inline-block alt-font text-uppercase heading-style2  vc_custom_1632124581342  heading-3\"  style=\"color: #ffffff;\">Di\u1ec5n h\u1ecda ki\u1ebfn tr\u00fac<\/h2><\/div><\/div><\/div><div class=\"wpb_column vc_column_container vc_col-sm-12 vc_col-md-2 col-xs-mobile-fullwidth\"><div class=\"vc_column-inner \"><div class=\"wpb_wrapper\"><\/div><\/div><\/div><\/section><div class=\"vc_row-full-width vc_clearfix\"><\/div><section data-vc-full-width=\"true\" data-vc-full-width-init=\"false\" data-vc-stretch-content=\"true\" class=\"vc_row wpb_row vc_row-fluid  vc_custom_1632125481859 vc_row-has-fill pofo-stretch-content vc_row-o-equal-height vc_row-flex\"><div class=\"wpb_column vc_column_container vc_col-sm-12  col-xs-mobile-fullwidth\"><div class=\"vc_column-inner \"><div class=\"wpb_wrapper\"><ul class=\"portfolio-grid hover-option4 work-3col gutter-very-small portfolio-style-4 pofo-portfolio-layout-1\" data-uniqueid=\"pofo-portfolio-layout-1\"><li class=\"grid-sizer\"><\/li><li class=\"grid-item portfolio-filter-94-pofo-portfolio-layout-1 \"><div class=\"pofo-rich-snippet display-none post-23059 portfolio type-portfolio status-publish format-standard has-post-thumbnail hentry portfolio-category-architecture portfolio-tags-bat-dong-san\"><div class=\"pofo-rich-snippet display-none\"><span class=\"entry-title\">Aqua City<\/span><span class=\"author vcard\"><a class=\"url fn n\" href=\"https:\/\/songngutv.com\/index.php\/author\/dhcuong\/\">dhcuong<\/a><\/span><span class=\"published\">September 20, 2021<\/span><time class=\"updated\" datetime=\"2021-09-20T11:19:09+00:00\">September 20, 2021<\/time><\/div><\/div><a href=\"https:\/\/songngutv.com\/index.php\/portfolio\/aqua-city\/\" target=\"_self\"><figure><div class=\"portfolio-img bg-extra-dark-gray pofo-portfolio-page-background\"><img loading=\"lazy\" decoding=\"async\" class=\"skip-lazy\" src=\"https:\/\/songngutv.com\/wp-content\/uploads\/2021\/09\/Novaland-AquaCity-2.jpg\" width=\"1920\" height=\"1080\" alt=\"\" srcset=\"https:\/\/songngutv.com\/wp-content\/uploads\/2021\/09\/Novaland-AquaCity-2.jpg 1920w, https:\/\/songngutv.com\/wp-content\/uploads\/2021\/09\/Novaland-AquaCity-2-300x169.jpg 300w, https:\/\/songngutv.com\/wp-content\/uploads\/2021\/09\/Novaland-AquaCity-2-1024x576.jpg 1024w, https:\/\/songngutv.com\/wp-content\/uploads\/2021\/09\/Novaland-AquaCity-2-768x432.jpg 768w, https:\/\/songngutv.com\/wp-content\/uploads\/2021\/09\/Novaland-AquaCity-2-1536x864.jpg 1536w, https:\/\/songngutv.com\/wp-content\/uploads\/2021\/09\/Novaland-AquaCity-2-1200x675.jpg 1200w, https:\/\/songngutv.com\/wp-content\/uploads\/2021\/09\/Novaland-AquaCity-2-120x68.jpg 120w, https:\/\/songngutv.com\/wp-content\/uploads\/2021\/09\/Novaland-AquaCity-2-81x46.jpg 81w\" sizes=\"auto, (max-width: 1920px) 100vw, 1920px\"><\/div><figcaption><div class=\"text-center portfolio-hover-main\"><div class=\"vertical-align-middle portfolio-hover-box\"><div class=\"portfolio-hover-content position-relative\"><div class=\"bg-deep-pink margin-25px-bottom separator-line-horrizontal-medium-light3 display-inline-block\"><\/div><span class=\"text-white line-height-normal alt-font margin-5px-bottom display-block font-weight-600 text-uppercase\">Aqua City<\/span><p class=\"text-medium-gray text-extra-small no-margin-bottom text-uppercase\">B\u1ea5t \u0111\u1ed9ng s\u1ea3n<\/p><\/div><\/div><\/div><\/figcaption><\/figure><\/a><\/li><\/ul><\/div><\/div><\/div><\/section><div class=\"vc_row-full-width vc_clearfix\"><\/div><section id=\"architecture\" data-vc-full-width=\"true\" data-vc-full-width-init=\"false\" data-vc-stretch-content=\"true\" class=\"vc_row wpb_row vc_row-fluid  vc_custom_1632126083195 vc_row-has-fill pofo-stretch-content vc_row-no-padding vc_row-o-content-middle vc_row-flex\"><div class=\"bg-extra-dark-gray bg-overlay\" style=\"opacity:0.8; background-color:#000000; \"><\/div><div class=\"wpb_column vc_column_container vc_col-sm-12 vc_col-md-2 col-xs-mobile-fullwidth\"><div class=\"vc_column-inner \"><div class=\"wpb_wrapper\"><\/div><\/div><\/div><div class=\"wpb_column vc_column_container vc_col-sm-12 vc_col-md-8 col-xs-mobile-fullwidth text-center\"><div class=\"vc_column-inner \"><div class=\"wpb_wrapper\"><h6 class=\"text-medium-gray text-small margin-5px-bottom alt-font text-uppercase heading-style4  heading-4\"  style=\"color: #ffffff;\">Product Visualization<\/h6><h2 class=\"text-extra-dark-gray margin-20px-bottom font-weight-600 display-inline-block alt-font text-uppercase heading-style2  vc_custom_1632125530949  heading-5\"  style=\"color: #ffffff;\">Di\u1ec5n h\u1ecda s\u1ea3n ph\u1ea9m<\/h2><\/div><\/div><\/div><div class=\"wpb_column vc_column_container vc_col-sm-12 vc_col-md-2 col-xs-mobile-fullwidth\"><div class=\"vc_column-inner \"><div class=\"wpb_wrapper\"><\/div><\/div><\/div><\/section><div class=\"vc_row-full-width vc_clearfix\"><\/div><section data-vc-full-width=\"true\" data-vc-full-width-init=\"false\" data-vc-stretch-content=\"true\" class=\"vc_row wpb_row vc_row-fluid  vc_custom_1632125481859 vc_row-has-fill pofo-stretch-content vc_row-o-equal-height vc_row-flex\"><div class=\"wpb_column vc_column_container vc_col-sm-12  col-xs-mobile-fullwidth text-center md-text-center\"><div class=\"vc_column-inner \"><div class=\"wpb_wrapper\"><div class=\"last-paragraph-no-margin\"><h6>Updating&#8230;<\/h6>\n<\/div><ul class=\"portfolio-grid hover-option4 work-3col gutter-very-small portfolio-style-4 pofo-portfolio-layout-2\" data-uniqueid=\"pofo-portfolio-layout-2\"><li class=\"grid-sizer\"><\/li><\/ul><\/div><\/div><\/div><\/section><div class=\"vc_row-full-width vc_clearfix\"><\/div>\n","protected":false},"excerpt":{"rendered":"Aqua CityGiai \u0111o\u1ea1n 2018-2019 [vc_video link=\"https:\/\/www.youtube.com\/watch?v=OhiVOpCbgDM\" align=\"right\"]Ng\u00e0nh h\u00e0ngKhu \u0111\u00f4 th\u1ecb m\u1edbiNh\u00e0 ph\u00e1t tri\u1ec3n b\u1ea5t \u0111\u1ed9ng s\u1ea3nNovalandNh\u00e0 s\u1ea3n xu\u1ea5tAsia MediaArchitecture VisualizationSong Ng\u01b0 TV Quay l\u1ea1i","protected":false},"author":1,"featured_media":22716,"parent":0,"menu_order":0,"comment_status":"closed","ping_status":"closed","template":"","meta":{"footnotes":""},"class_list":["post-23006","page","type-page","status-publish","has-post-thumbnail","hentry"],"yoast_head":"<!-- This site is optimized with the Yoast SEO Premium plugin v17.2 (Yoast SEO v27.5) - https:\/\/yoast.com\/product\/yoast-seo-premium-wordpress\/ -->\n<title>Visualization - Song Ng\u01b0 TV<\/title>\n<meta name=\"robots\" content=\"index, follow, max-snippet:-1, max-image-preview:large, max-video-preview:-1\" \/>\n<link rel=\"canonical\" href=\"https:\/\/songngutv.com\/index.php\/visualization\/\" \/>\n<meta property=\"og:locale\" content=\"en_US\" \/>\n<meta property=\"og:type\" content=\"article\" \/>\n<meta property=\"og:title\" content=\"Visualization\" \/>\n<meta property=\"og:url\" content=\"https:\/\/songngutv.com\/index.php\/visualization\/\" \/>\n<meta property=\"og:site_name\" content=\"Song Ng\u01b0 TV\" \/>\n<meta property=\"article:publisher\" content=\"https:\/\/www.facebook.com\/songngutv.2006\/\" \/>\n<meta property=\"article:modified_time\" content=\"2021-09-20T11:22:03+00:00\" \/>\n<meta property=\"og:image\" content=\"https:\/\/songngutv.com\/wp-content\/uploads\/2021\/09\/visualization-01.jpg\" \/>\n\t<meta property=\"og:image:width\" content=\"1920\" \/>\n\t<meta property=\"og:image:height\" content=\"1099\" \/>\n\t<meta property=\"og:image:type\" content=\"image\/jpeg\" \/>\n<meta name=\"twitter:card\" content=\"summary_large_image\" \/>\n<meta name=\"twitter:label1\" content=\"Est. reading time\" \/>\n\t<meta name=\"twitter:data1\" content=\"3 minutes\" \/>\n<script type=\"application\/ld+json\" class=\"yoast-schema-graph\">{\"@context\":\"https:\\\/\\\/schema.org\",\"@graph\":[{\"@type\":\"WebPage\",\"@id\":\"https:\\\/\\\/songngutv.com\\\/index.php\\\/visualization\\\/\",\"url\":\"https:\\\/\\\/songngutv.com\\\/index.php\\\/visualization\\\/\",\"name\":\"Visualization - Song Ng\u01b0 TV\",\"isPartOf\":{\"@id\":\"https:\\\/\\\/songngutv.com\\\/#website\"},\"primaryImageOfPage\":{\"@id\":\"https:\\\/\\\/songngutv.com\\\/index.php\\\/visualization\\\/#primaryimage\"},\"image\":{\"@id\":\"https:\\\/\\\/songngutv.com\\\/index.php\\\/visualization\\\/#primaryimage\"},\"thumbnailUrl\":\"https:\\\/\\\/songngutv.com\\\/wp-content\\\/uploads\\\/2021\\\/09\\\/visualization-01.jpg\",\"datePublished\":\"2021-09-20T07:31:57+00:00\",\"dateModified\":\"2021-09-20T11:22:03+00:00\",\"breadcrumb\":{\"@id\":\"https:\\\/\\\/songngutv.com\\\/index.php\\\/visualization\\\/#breadcrumb\"},\"inLanguage\":\"en-US\",\"potentialAction\":[{\"@type\":\"ReadAction\",\"target\":[\"https:\\\/\\\/songngutv.com\\\/index.php\\\/visualization\\\/\"]}]},{\"@type\":\"ImageObject\",\"inLanguage\":\"en-US\",\"@id\":\"https:\\\/\\\/songngutv.com\\\/index.php\\\/visualization\\\/#primaryimage\",\"url\":\"https:\\\/\\\/songngutv.com\\\/wp-content\\\/uploads\\\/2021\\\/09\\\/visualization-01.jpg\",\"contentUrl\":\"https:\\\/\\\/songngutv.com\\\/wp-content\\\/uploads\\\/2021\\\/09\\\/visualization-01.jpg\",\"width\":1920,\"height\":1099},{\"@type\":\"BreadcrumbList\",\"@id\":\"https:\\\/\\\/songngutv.com\\\/index.php\\\/visualization\\\/#breadcrumb\",\"itemListElement\":[{\"@type\":\"ListItem\",\"position\":1,\"name\":\"Home\",\"item\":\"https:\\\/\\\/songngutv.com\\\/\"},{\"@type\":\"ListItem\",\"position\":2,\"name\":\"Visualization\"}]},{\"@type\":\"WebSite\",\"@id\":\"https:\\\/\\\/songngutv.com\\\/#website\",\"url\":\"https:\\\/\\\/songngutv.com\\\/\",\"name\":\"Song Ng\u01b0 TV\",\"description\":\"VFX, Animation &amp; Design\",\"publisher\":{\"@id\":\"https:\\\/\\\/songngutv.com\\\/#organization\"},\"potentialAction\":[{\"@type\":\"SearchAction\",\"target\":{\"@type\":\"EntryPoint\",\"urlTemplate\":\"https:\\\/\\\/songngutv.com\\\/?s={search_term_string}\"},\"query-input\":{\"@type\":\"PropertyValueSpecification\",\"valueRequired\":true,\"valueName\":\"search_term_string\"}}],\"inLanguage\":\"en-US\"},{\"@type\":\"Organization\",\"@id\":\"https:\\\/\\\/songngutv.com\\\/#organization\",\"name\":\"C\u00f4ng ty TNHH Qu\u1ea3ng c\u00e1o Song Ng\u01b0\",\"url\":\"https:\\\/\\\/songngutv.com\\\/\",\"logo\":{\"@type\":\"ImageObject\",\"inLanguage\":\"en-US\",\"@id\":\"https:\\\/\\\/songngutv.com\\\/#\\\/schema\\\/logo\\\/image\\\/\",\"url\":\"https:\\\/\\\/songngutv.com\\\/wp-content\\\/uploads\\\/2021\\\/09\\\/Song-Ngu-TV.png\",\"contentUrl\":\"https:\\\/\\\/songngutv.com\\\/wp-content\\\/uploads\\\/2021\\\/09\\\/Song-Ngu-TV.png\",\"width\":800,\"height\":800,\"caption\":\"C\u00f4ng ty TNHH Qu\u1ea3ng c\u00e1o Song Ng\u01b0\"},\"image\":{\"@id\":\"https:\\\/\\\/songngutv.com\\\/#\\\/schema\\\/logo\\\/image\\\/\"},\"sameAs\":[\"https:\\\/\\\/www.facebook.com\\\/songngutv.2006\\\/\",\"https:\\\/\\\/www.youtube.com\\\/channel\\\/UC_FvBXKa_y5KefGipY0bS_w\"]}]}<\/script>\n<!-- \/ Yoast SEO Premium plugin. -->","yoast_head_json":{"title":"Visualization - Song Ng\u01b0 TV","robots":{"index":"index","follow":"follow","max-snippet":"max-snippet:-1","max-image-preview":"max-image-preview:large","max-video-preview":"max-video-preview:-1"},"canonical":"https:\/\/songngutv.com\/index.php\/visualization\/","og_locale":"en_US","og_type":"article","og_title":"Visualization","og_url":"https:\/\/songngutv.com\/index.php\/visualization\/","og_site_name":"Song Ng\u01b0 TV","article_publisher":"https:\/\/www.facebook.com\/songngutv.2006\/","article_modified_time":"2021-09-20T11:22:03+00:00","og_image":[{"width":1920,"height":1099,"url":"https:\/\/songngutv.com\/wp-content\/uploads\/2021\/09\/visualization-01.jpg","type":"image\/jpeg"}],"twitter_card":"summary_large_image","twitter_misc":{"Est. reading time":"3 minutes"},"schema":{"@context":"https:\/\/schema.org","@graph":[{"@type":"WebPage","@id":"https:\/\/songngutv.com\/index.php\/visualization\/","url":"https:\/\/songngutv.com\/index.php\/visualization\/","name":"Visualization - Song Ng\u01b0 TV","isPartOf":{"@id":"https:\/\/songngutv.com\/#website"},"primaryImageOfPage":{"@id":"https:\/\/songngutv.com\/index.php\/visualization\/#primaryimage"},"image":{"@id":"https:\/\/songngutv.com\/index.php\/visualization\/#primaryimage"},"thumbnailUrl":"https:\/\/songngutv.com\/wp-content\/uploads\/2021\/09\/visualization-01.jpg","datePublished":"2021-09-20T07:31:57+00:00","dateModified":"2021-09-20T11:22:03+00:00","breadcrumb":{"@id":"https:\/\/songngutv.com\/index.php\/visualization\/#breadcrumb"},"inLanguage":"en-US","potentialAction":[{"@type":"ReadAction","target":["https:\/\/songngutv.com\/index.php\/visualization\/"]}]},{"@type":"ImageObject","inLanguage":"en-US","@id":"https:\/\/songngutv.com\/index.php\/visualization\/#primaryimage","url":"https:\/\/songngutv.com\/wp-content\/uploads\/2021\/09\/visualization-01.jpg","contentUrl":"https:\/\/songngutv.com\/wp-content\/uploads\/2021\/09\/visualization-01.jpg","width":1920,"height":1099},{"@type":"BreadcrumbList","@id":"https:\/\/songngutv.com\/index.php\/visualization\/#breadcrumb","itemListElement":[{"@type":"ListItem","position":1,"name":"Home","item":"https:\/\/songngutv.com\/"},{"@type":"ListItem","position":2,"name":"Visualization"}]},{"@type":"WebSite","@id":"https:\/\/songngutv.com\/#website","url":"https:\/\/songngutv.com\/","name":"Song Ng\u01b0 TV","description":"VFX, Animation &amp; Design","publisher":{"@id":"https:\/\/songngutv.com\/#organization"},"potentialAction":[{"@type":"SearchAction","target":{"@type":"EntryPoint","urlTemplate":"https:\/\/songngutv.com\/?s={search_term_string}"},"query-input":{"@type":"PropertyValueSpecification","valueRequired":true,"valueName":"search_term_string"}}],"inLanguage":"en-US"},{"@type":"Organization","@id":"https:\/\/songngutv.com\/#organization","name":"C\u00f4ng ty TNHH Qu\u1ea3ng c\u00e1o Song Ng\u01b0","url":"https:\/\/songngutv.com\/","logo":{"@type":"ImageObject","inLanguage":"en-US","@id":"https:\/\/songngutv.com\/#\/schema\/logo\/image\/","url":"https:\/\/songngutv.com\/wp-content\/uploads\/2021\/09\/Song-Ngu-TV.png","contentUrl":"https:\/\/songngutv.com\/wp-content\/uploads\/2021\/09\/Song-Ngu-TV.png","width":800,"height":800,"caption":"C\u00f4ng ty TNHH Qu\u1ea3ng c\u00e1o Song Ng\u01b0"},"image":{"@id":"https:\/\/songngutv.com\/#\/schema\/logo\/image\/"},"sameAs":["https:\/\/www.facebook.com\/songngutv.2006\/","https:\/\/www.youtube.com\/channel\/UC_FvBXKa_y5KefGipY0bS_w"]}]}},"_links":{"self":[{"href":"https:\/\/songngutv.com\/index.php\/wp-json\/wp\/v2\/pages\/23006","targetHints":{"allow":["GET"]}}],"collection":[{"href":"https:\/\/songngutv.com\/index.php\/wp-json\/wp\/v2\/pages"}],"about":[{"href":"https:\/\/songngutv.com\/index.php\/wp-json\/wp\/v2\/types\/page"}],"author":[{"embeddable":true,"href":"https:\/\/songngutv.com\/index.php\/wp-json\/wp\/v2\/users\/1"}],"replies":[{"embeddable":true,"href":"https:\/\/songngutv.com\/index.php\/wp-json\/wp\/v2\/comments?post=23006"}],"version-history":[{"count":24,"href":"https:\/\/songngutv.com\/index.php\/wp-json\/wp\/v2\/pages\/23006\/revisions"}],"predecessor-version":[{"id":23093,"href":"https:\/\/songngutv.com\/index.php\/wp-json\/wp\/v2\/pages\/23006\/revisions\/23093"}],"wp:featuredmedia":[{"embeddable":true,"href":"https:\/\/songngutv.com\/index.php\/wp-json\/wp\/v2\/media\/22716"}],"wp:attachment":[{"href":"https:\/\/songngutv.com\/index.php\/wp-json\/wp\/v2\/media?parent=23006"}],"curies":[{"name":"wp","href":"https:\/\/api.w.org\/{rel}","templated":true}]}}